{"id":882,"date":"2026-01-17T23:27:12","date_gmt":"2026-01-17T23:27:12","guid":{"rendered":"https:\/\/carma-project.pl\/?page_id=882"},"modified":"2026-03-21T23:54:19","modified_gmt":"2026-03-21T23:54:19","slug":"prace-terenowe-2025","status":"publish","type":"page","link":"https:\/\/carma-project.pl\/index.php\/prace-terenowe-2025\/","title":{"rendered":"Prace terenowe 2025"},"content":{"rendered":"\t\t<div data-elementor-type=\"wp-page\" data-elementor-id=\"882\" class=\"elementor elementor-882\" data-elementor-settings=\"{&quot;ha_cmc_init_switcher&quot;:&quot;no&quot;}\">\n\t\t\t\t<div class=\"elementor-element elementor-element-64323323 e-flex e-con-boxed e-con e-parent\" data-id=\"64323323\" data-element_type=\"container\" data-e-type=\"container\" data-settings=\"{&quot;background_background&quot;:&quot;classic&quot;,&quot;_ha_eqh_enable&quot;:false}\">\n\t\t\t\t\t<div class=\"e-con-inner\">\n\t\t\t\t<div class=\"elementor-element elementor-element-46755d6d animated-slow elementor-invisible elementor-widget elementor-widget-elementskit-heading\" data-id=\"46755d6d\" data-element_type=\"widget\" data-e-type=\"widget\" data-settings=\"{&quot;_animation&quot;:&quot;fadeIn&quot;}\" data-widget_type=\"elementskit-heading.default\">\n\t\t\t\t<div class=\"elementor-widget-container\">\n\t\t\t\t\t<div class=\"ekit-wid-con\" ><div class=\"ekit-heading elementskit-section-title-wraper center   ekit_heading_tablet-   ekit_heading_mobile-\"><h2 class=\"ekit-heading--title elementskit-section-title \">Badania terenowe<\/h2><\/div><\/div>\t\t\t\t<\/div>\n\t\t\t\t<\/div>\n\t\t\t\t<div class=\"elementor-element elementor-element-581685a animated-slow elementor-invisible elementor-widget elementor-widget-text-editor\" data-id=\"581685a\" data-element_type=\"widget\" data-e-type=\"widget\" data-settings=\"{&quot;_animation&quot;:&quot;fadeIn&quot;,&quot;_animation_delay&quot;:1000}\" data-widget_type=\"text-editor.default\">\n\t\t\t\t<div class=\"elementor-widget-container\">\n\t\t\t\t\t\t\t\t\t<p class=\"p1\">Latem 2025 roku w Isfjorden (~78\u00b0N) przeprowadzono prace terenowe w ramach projektu CARMA, maj\u0105ce na celu zebranie materia\u0142u badawczego do analizy d\u0142ugoterminowych zmian w sk\u0142adzie geochemicznym w\u0119glanowych struktur arktycznych organizm\u00f3w. We wsp\u00f3\u0142pracy z nurkami z <a href=\"https:\/\/www.facebook.com\/IOPANSciDive\/?ref=embed_page#\">IOPAN Scientific Diving Team<\/a> pozyskano drobne organizmy, takie jak <a href=\"https:\/\/www.iopan.gda.pl\/ekologia\/Atlas_of_Arctic_Bryozoa\/\">mszywio\u0142y<\/a>, wieloszczety (Serpulidae) oraz p\u0105kle, a tak\u017ce pr\u00f3bki wody morskiej, s\u0142u\u017c\u0105ce do pomiaru parametr\u00f3w takich jak alkaliczno\u015b\u0107, rozpuszczony w\u0119giel organiczny (DIC), pH, zasolenie, temperatura i st\u0119\u017cenie nutrient\u00f3w. Woda morska stanowi podstawowe \u017ar\u00f3d\u0142o jon\u00f3w niezb\u0119dnych do biomineralizacji, czyli wytwarzania w\u0119glanowych muszli, rurek i szkielet\u00f3w. Zatem wszelkie zmiany zachodz\u0105ce w chemii wody morskiej mog\u0105 mie\u0107 odzwierciedlenie w sk\u0142adzie i st\u0119\u017ceniu pierwiastk\u00f3w w szkieletach tych organizm\u00f3w, czyni\u0105c je naturalnymi \u201earchiwami\u201d \u015brodowiska.<\/p><p class=\"p1\">Pr\u00f3bki pobierano na stacjach w po\u0142udniowej cz\u0119\u015bci fiordu, mi\u0119dzy Colesbukta a Adventfjorden, obejmuj\u0105cych r\u00f3\u017cne g\u0142\u0119boko\u015bci i typy siedlisk, np. lasy kelpowe. R\u00f3\u017cnorodno\u015b\u0107 tych siedlisk umo\u017cliwia analiz\u0119 zmian przestrzennych oraz reakcj\u0119 organizm\u00f3w w\u0119glanowych na zmienne warunki \u015brodowiskowe.<\/p><p class=\"p1\">Zebrany podczas nurkowa\u0144 materia\u0142 stanowi cenne uzupe\u0142nienie wieloletniego monitoringu (2009\u20132023) prowadzonego przez Instytut Oceanologii PAN. W kolejnych etapach organizmy zostan\u0105 poddane szczeg\u00f3\u0142owej analizie chemicznej szkielet\u00f3w\u2013 od pierwiastk\u00f3w makro (Ca, Mg, Na) po \u015bladowe (Sr, Mn, Zn, Cd i inne) \u2013 co pozwoli lepiej zrozumie\u0107, jak zmiany \u015brodowiskowe i klimatyczne wp\u0142ywaj\u0105 na funkcjonowanie arktycznych ekosystem\u00f3w morskich.<\/p>\t\t\t\t\t\t\t\t<\/div>\n\t\t\t\t<\/div>\n\t\t\t\t<div class=\"elementor-element elementor-element-a255963 gallery-spacing-custom elementor-widget elementor-widget-image-gallery\" data-id=\"a255963\" data-element_type=\"widget\" data-e-type=\"widget\" data-widget_type=\"image-gallery.default\">\n\t\t\t\t<div class=\"elementor-widget-container\">\n\t\t\t\t\t\t\t<div class=\"elementor-image-gallery\">\n\t\t\t<div id='gallery-1' class='gallery galleryid-882 gallery-columns-2 gallery-size-full'><figure class='gallery-item'>\n\t\t\t<div class='gallery-icon landscape'>\n\t\t\t\t<a data-elementor-open-lightbox=\"yes\" data-elementor-lightbox-slideshow=\"a255963\" data-elementor-lightbox-title=\"DSC5575.jpg-scaled\" data-e-action-hash=\"#elementor-action%3Aaction%3Dlightbox%26settings%3DeyJpZCI6MTIwMCwidXJsIjoiaHR0cHM6XC9cL2Nhcm1hLXByb2plY3QucGxcL3dwLWNvbnRlbnRcL3VwbG9hZHNcLzIwMjZcLzAzXC9EU0M1NTc1LmpwZy1zY2FsZWQtMS5qcGVnIiwic2xpZGVzaG93IjoiYTI1NTk2MyJ9\" href='https:\/\/carma-project.pl\/wp-content\/uploads\/2026\/03\/DSC5575.jpg-scaled-1.jpeg'><img fetchpriority=\"high\" decoding=\"async\" width=\"2560\" height=\"1707\" src=\"https:\/\/carma-project.pl\/wp-content\/uploads\/2026\/03\/DSC5575.jpg-scaled-1.jpeg\" class=\"attachment-full size-full\" alt=\"\" srcset=\"https:\/\/carma-project.pl\/wp-content\/uploads\/2026\/03\/DSC5575.jpg-scaled-1.jpeg 2560w, https:\/\/carma-project.pl\/wp-content\/uploads\/2026\/03\/DSC5575.jpg-scaled-1-300x200.jpeg 300w, https:\/\/carma-project.pl\/wp-content\/uploads\/2026\/03\/DSC5575.jpg-scaled-1-1024x683.jpeg 1024w, https:\/\/carma-project.pl\/wp-content\/uploads\/2026\/03\/DSC5575.jpg-scaled-1-768x512.jpeg 768w, https:\/\/carma-project.pl\/wp-content\/uploads\/2026\/03\/DSC5575.jpg-scaled-1-1536x1024.jpeg 1536w, https:\/\/carma-project.pl\/wp-content\/uploads\/2026\/03\/DSC5575.jpg-scaled-1-2048x1366.jpeg 2048w\" sizes=\"(max-width: 2560px) 100vw, 2560px\" \/><\/a>\n\t\t\t<\/div><\/figure><figure class='gallery-item'>\n\t\t\t<div class='gallery-icon landscape'>\n\t\t\t\t<a data-elementor-open-lightbox=\"yes\" data-elementor-lightbox-slideshow=\"a255963\" data-elementor-lightbox-title=\"DSC5648.jpg-scaled\" data-e-action-hash=\"#elementor-action%3Aaction%3Dlightbox%26settings%3DeyJpZCI6MTIwMSwidXJsIjoiaHR0cHM6XC9cL2Nhcm1hLXByb2plY3QucGxcL3dwLWNvbnRlbnRcL3VwbG9hZHNcLzIwMjZcLzAzXC9EU0M1NjQ4LmpwZy1zY2FsZWQtMS5qcGVnIiwic2xpZGVzaG93IjoiYTI1NTk2MyJ9\" href='https:\/\/carma-project.pl\/wp-content\/uploads\/2026\/03\/DSC5648.jpg-scaled-1.jpeg'><img decoding=\"async\" width=\"2560\" height=\"1707\" src=\"https:\/\/carma-project.pl\/wp-content\/uploads\/2026\/03\/DSC5648.jpg-scaled-1.jpeg\" class=\"attachment-full size-full\" alt=\"\" srcset=\"https:\/\/carma-project.pl\/wp-content\/uploads\/2026\/03\/DSC5648.jpg-scaled-1.jpeg 2560w, https:\/\/carma-project.pl\/wp-content\/uploads\/2026\/03\/DSC5648.jpg-scaled-1-300x200.jpeg 300w, https:\/\/carma-project.pl\/wp-content\/uploads\/2026\/03\/DSC5648.jpg-scaled-1-1024x683.jpeg 1024w, https:\/\/carma-project.pl\/wp-content\/uploads\/2026\/03\/DSC5648.jpg-scaled-1-768x512.jpeg 768w, https:\/\/carma-project.pl\/wp-content\/uploads\/2026\/03\/DSC5648.jpg-scaled-1-1536x1024.jpeg 1536w, https:\/\/carma-project.pl\/wp-content\/uploads\/2026\/03\/DSC5648.jpg-scaled-1-2048x1366.jpeg 2048w\" sizes=\"(max-width: 2560px) 100vw, 2560px\" \/><\/a>\n\t\t\t<\/div><\/figure><figure class='gallery-item'>\n\t\t\t<div class='gallery-icon landscape'>\n\t\t\t\t<a data-elementor-open-lightbox=\"yes\" data-elementor-lightbox-slideshow=\"a255963\" data-elementor-lightbox-title=\"IMG_5779-2-scaled\" data-e-action-hash=\"#elementor-action%3Aaction%3Dlightbox%26settings%3DeyJpZCI6MTIwMiwidXJsIjoiaHR0cHM6XC9cL2Nhcm1hLXByb2plY3QucGxcL3dwLWNvbnRlbnRcL3VwbG9hZHNcLzIwMjZcLzAzXC9JTUdfNTc3OS0yLXNjYWxlZC0xLmpwZyIsInNsaWRlc2hvdyI6ImEyNTU5NjMifQ%3D%3D\" href='https:\/\/carma-project.pl\/wp-content\/uploads\/2026\/03\/IMG_5779-2-scaled-1.jpg'><img decoding=\"async\" width=\"2560\" height=\"1707\" src=\"https:\/\/carma-project.pl\/wp-content\/uploads\/2026\/03\/IMG_5779-2-scaled-1.jpg\" class=\"attachment-full size-full\" alt=\"\" srcset=\"https:\/\/carma-project.pl\/wp-content\/uploads\/2026\/03\/IMG_5779-2-scaled-1.jpg 2560w, https:\/\/carma-project.pl\/wp-content\/uploads\/2026\/03\/IMG_5779-2-scaled-1-300x200.jpg 300w, https:\/\/carma-project.pl\/wp-content\/uploads\/2026\/03\/IMG_5779-2-scaled-1-1024x683.jpg 1024w, https:\/\/carma-project.pl\/wp-content\/uploads\/2026\/03\/IMG_5779-2-scaled-1-768x512.jpg 768w, https:\/\/carma-project.pl\/wp-content\/uploads\/2026\/03\/IMG_5779-2-scaled-1-1536x1024.jpg 1536w, https:\/\/carma-project.pl\/wp-content\/uploads\/2026\/03\/IMG_5779-2-scaled-1-2048x1366.jpg 2048w\" sizes=\"(max-width: 2560px) 100vw, 2560px\" \/><\/a>\n\t\t\t<\/div><\/figure><figure class='gallery-item'>\n\t\t\t<div class='gallery-icon landscape'>\n\t\t\t\t<a data-elementor-open-lightbox=\"yes\" data-elementor-lightbox-slideshow=\"a255963\" data-elementor-lightbox-title=\"prace-terenowe2025-scaled\" data-e-action-hash=\"#elementor-action%3Aaction%3Dlightbox%26settings%3DeyJpZCI6MTIwMywidXJsIjoiaHR0cHM6XC9cL2Nhcm1hLXByb2plY3QucGxcL3dwLWNvbnRlbnRcL3VwbG9hZHNcLzIwMjZcLzAzXC9wcmFjZS10ZXJlbm93ZTIwMjUtc2NhbGVkLTEuanBnIiwic2xpZGVzaG93IjoiYTI1NTk2MyJ9\" href='https:\/\/carma-project.pl\/wp-content\/uploads\/2026\/03\/prace-terenowe2025-scaled-1.jpg'><img loading=\"lazy\" decoding=\"async\" width=\"2560\" height=\"1707\" src=\"https:\/\/carma-project.pl\/wp-content\/uploads\/2026\/03\/prace-terenowe2025-scaled-1.jpg\" class=\"attachment-full size-full\" alt=\"\" srcset=\"https:\/\/carma-project.pl\/wp-content\/uploads\/2026\/03\/prace-terenowe2025-scaled-1.jpg 2560w, https:\/\/carma-project.pl\/wp-content\/uploads\/2026\/03\/prace-terenowe2025-scaled-1-300x200.jpg 300w, https:\/\/carma-project.pl\/wp-content\/uploads\/2026\/03\/prace-terenowe2025-scaled-1-1024x683.jpg 1024w, https:\/\/carma-project.pl\/wp-content\/uploads\/2026\/03\/prace-terenowe2025-scaled-1-768x512.jpg 768w, https:\/\/carma-project.pl\/wp-content\/uploads\/2026\/03\/prace-terenowe2025-scaled-1-1536x1024.jpg 1536w, https:\/\/carma-project.pl\/wp-content\/uploads\/2026\/03\/prace-terenowe2025-scaled-1-2048x1366.jpg 2048w\" sizes=\"(max-width: 2560px) 100vw, 2560px\" \/><\/a>\n\t\t\t<\/div><\/figure><figure class='gallery-item'>\n\t\t\t<div class='gallery-icon landscape'>\n\t\t\t\t<a data-elementor-open-lightbox=\"yes\" data-elementor-lightbox-slideshow=\"a255963\" data-elementor-lightbox-title=\"8-scaled\" data-e-action-hash=\"#elementor-action%3Aaction%3Dlightbox%26settings%3DeyJpZCI6MTIwNCwidXJsIjoiaHR0cHM6XC9cL2Nhcm1hLXByb2plY3QucGxcL3dwLWNvbnRlbnRcL3VwbG9hZHNcLzIwMjZcLzAzXC84LXNjYWxlZC0xLmpwZyIsInNsaWRlc2hvdyI6ImEyNTU5NjMifQ%3D%3D\" href='https:\/\/carma-project.pl\/wp-content\/uploads\/2026\/03\/8-scaled-1.jpg'><img loading=\"lazy\" decoding=\"async\" width=\"2560\" height=\"1707\" src=\"https:\/\/carma-project.pl\/wp-content\/uploads\/2026\/03\/8-scaled-1.jpg\" class=\"attachment-full size-full\" alt=\"\" srcset=\"https:\/\/carma-project.pl\/wp-content\/uploads\/2026\/03\/8-scaled-1.jpg 2560w, https:\/\/carma-project.pl\/wp-content\/uploads\/2026\/03\/8-scaled-1-300x200.jpg 300w, https:\/\/carma-project.pl\/wp-content\/uploads\/2026\/03\/8-scaled-1-1024x683.jpg 1024w, https:\/\/carma-project.pl\/wp-content\/uploads\/2026\/03\/8-scaled-1-768x512.jpg 768w, https:\/\/carma-project.pl\/wp-content\/uploads\/2026\/03\/8-scaled-1-1536x1024.jpg 1536w, https:\/\/carma-project.pl\/wp-content\/uploads\/2026\/03\/8-scaled-1-2048x1366.jpg 2048w\" sizes=\"(max-width: 2560px) 100vw, 2560px\" \/><\/a>\n\t\t\t<\/div><\/figure><figure class='gallery-item'>\n\t\t\t<div class='gallery-icon landscape'>\n\t\t\t\t<a data-elementor-open-lightbox=\"yes\" data-elementor-lightbox-slideshow=\"a255963\" data-elementor-lightbox-title=\"7-scaled\" data-e-action-hash=\"#elementor-action%3Aaction%3Dlightbox%26settings%3DeyJpZCI6MTIwNSwidXJsIjoiaHR0cHM6XC9cL2Nhcm1hLXByb2plY3QucGxcL3dwLWNvbnRlbnRcL3VwbG9hZHNcLzIwMjZcLzAzXC83LXNjYWxlZC0xLmpwZyIsInNsaWRlc2hvdyI6ImEyNTU5NjMifQ%3D%3D\" href='https:\/\/carma-project.pl\/wp-content\/uploads\/2026\/03\/7-scaled-1.jpg'><img loading=\"lazy\" decoding=\"async\" width=\"2560\" height=\"1707\" src=\"https:\/\/carma-project.pl\/wp-content\/uploads\/2026\/03\/7-scaled-1.jpg\" class=\"attachment-full size-full\" alt=\"\" srcset=\"https:\/\/carma-project.pl\/wp-content\/uploads\/2026\/03\/7-scaled-1.jpg 2560w, https:\/\/carma-project.pl\/wp-content\/uploads\/2026\/03\/7-scaled-1-300x200.jpg 300w, https:\/\/carma-project.pl\/wp-content\/uploads\/2026\/03\/7-scaled-1-1024x683.jpg 1024w, https:\/\/carma-project.pl\/wp-content\/uploads\/2026\/03\/7-scaled-1-768x512.jpg 768w, https:\/\/carma-project.pl\/wp-content\/uploads\/2026\/03\/7-scaled-1-1536x1024.jpg 1536w, https:\/\/carma-project.pl\/wp-content\/uploads\/2026\/03\/7-scaled-1-2048x1366.jpg 2048w\" sizes=\"(max-width: 2560px) 100vw, 2560px\" \/><\/a>\n\t\t\t<\/div><\/figure><figure class='gallery-item'>\n\t\t\t<div class='gallery-icon landscape'>\n\t\t\t\t<a data-elementor-open-lightbox=\"yes\" data-elementor-lightbox-slideshow=\"a255963\" data-elementor-lightbox-title=\"9-scaled\" data-e-action-hash=\"#elementor-action%3Aaction%3Dlightbox%26settings%3DeyJpZCI6MTIwNiwidXJsIjoiaHR0cHM6XC9cL2Nhcm1hLXByb2plY3QucGxcL3dwLWNvbnRlbnRcL3VwbG9hZHNcLzIwMjZcLzAzXC85LXNjYWxlZC0xLmpwZyIsInNsaWRlc2hvdyI6ImEyNTU5NjMifQ%3D%3D\" href='https:\/\/carma-project.pl\/wp-content\/uploads\/2026\/03\/9-scaled-1.jpg'><img loading=\"lazy\" decoding=\"async\" width=\"2560\" height=\"1707\" src=\"https:\/\/carma-project.pl\/wp-content\/uploads\/2026\/03\/9-scaled-1.jpg\" class=\"attachment-full size-full\" alt=\"\" srcset=\"https:\/\/carma-project.pl\/wp-content\/uploads\/2026\/03\/9-scaled-1.jpg 2560w, https:\/\/carma-project.pl\/wp-content\/uploads\/2026\/03\/9-scaled-1-300x200.jpg 300w, https:\/\/carma-project.pl\/wp-content\/uploads\/2026\/03\/9-scaled-1-1024x683.jpg 1024w, https:\/\/carma-project.pl\/wp-content\/uploads\/2026\/03\/9-scaled-1-768x512.jpg 768w, https:\/\/carma-project.pl\/wp-content\/uploads\/2026\/03\/9-scaled-1-1536x1024.jpg 1536w, https:\/\/carma-project.pl\/wp-content\/uploads\/2026\/03\/9-scaled-1-2048x1366.jpg 2048w\" sizes=\"(max-width: 2560px) 100vw, 2560px\" \/><\/a>\n\t\t\t<\/div><\/figure><figure class='gallery-item'>\n\t\t\t<div class='gallery-icon landscape'>\n\t\t\t\t<a data-elementor-open-lightbox=\"yes\" data-elementor-lightbox-slideshow=\"a255963\" data-elementor-lightbox-title=\"3-1-scaled\" data-e-action-hash=\"#elementor-action%3Aaction%3Dlightbox%26settings%3DeyJpZCI6MTIwNywidXJsIjoiaHR0cHM6XC9cL2Nhcm1hLXByb2plY3QucGxcL3dwLWNvbnRlbnRcL3VwbG9hZHNcLzIwMjZcLzAzXC8zLTEtc2NhbGVkLTEuanBnIiwic2xpZGVzaG93IjoiYTI1NTk2MyJ9\" href='https:\/\/carma-project.pl\/wp-content\/uploads\/2026\/03\/3-1-scaled-1.jpg'><img loading=\"lazy\" decoding=\"async\" width=\"2560\" height=\"1707\" src=\"https:\/\/carma-project.pl\/wp-content\/uploads\/2026\/03\/3-1-scaled-1.jpg\" class=\"attachment-full size-full\" alt=\"\" srcset=\"https:\/\/carma-project.pl\/wp-content\/uploads\/2026\/03\/3-1-scaled-1.jpg 2560w, https:\/\/carma-project.pl\/wp-content\/uploads\/2026\/03\/3-1-scaled-1-300x200.jpg 300w, https:\/\/carma-project.pl\/wp-content\/uploads\/2026\/03\/3-1-scaled-1-1024x683.jpg 1024w, https:\/\/carma-project.pl\/wp-content\/uploads\/2026\/03\/3-1-scaled-1-768x512.jpg 768w, https:\/\/carma-project.pl\/wp-content\/uploads\/2026\/03\/3-1-scaled-1-1536x1024.jpg 1536w, https:\/\/carma-project.pl\/wp-content\/uploads\/2026\/03\/3-1-scaled-1-2048x1366.jpg 2048w\" sizes=\"(max-width: 2560px) 100vw, 2560px\" \/><\/a>\n\t\t\t<\/div><\/figure>\n\t\t<\/div>\n\t\t<\/div>\n\t\t\t\t\t\t<\/div>\n\t\t\t\t<\/div>\n\t\t\t\t<div class=\"elementor-element elementor-element-8c698be animated-slow elementor-invisible elementor-widget elementor-widget-text-editor\" data-id=\"8c698be\" data-element_type=\"widget\" data-e-type=\"widget\" data-settings=\"{&quot;_animation&quot;:&quot;fadeIn&quot;}\" data-widget_type=\"text-editor.default\">\n\t\t\t\t<div class=\"elementor-widget-container\">\n\t\t\t\t\t\t\t\t\t<p><a href=\"https:\/\/www.piotrbalazy.com\/\">zdj\u0119cia Piotr Ba\u0142azy<\/a><\/p>\t\t\t\t\t\t\t\t<\/div>\n\t\t\t\t<\/div>\n\t\t\t\t\t<\/div>\n\t\t\t\t<\/div>\n\t\t\t\t<\/div>\n\t\t","protected":false},"excerpt":{"rendered":"<p>Badania terenowe Latem 2025 roku w Isfjorden (~78\u00b0N) przeprowadzono prace terenowe w ramach projektu CARMA, maj\u0105ce na celu zebranie materia\u0142u badawczego do analizy d\u0142ugoterminowych zmian w sk\u0142adzie geochemicznym w\u0119glanowych struktur arktycznych organizm\u00f3w. We wsp\u00f3\u0142pracy z nurkami z IOPAN Scientific Diving Team pozyskano drobne organizmy, takie jak mszywio\u0142y, wieloszczety (Serpulidae) oraz p\u0105kle, a tak\u017ce pr\u00f3bki wody [&hellip;]<\/p>\n","protected":false},"author":1,"featured_media":0,"parent":0,"menu_order":0,"comment_status":"closed","ping_status":"closed","template":"","meta":{"footnotes":""},"class_list":["post-882","page","type-page","status-publish","hentry"],"_links":{"self":[{"href":"https:\/\/carma-project.pl\/index.php\/wp-json\/wp\/v2\/pages\/882","targetHints":{"allow":["GET"]}}],"collection":[{"href":"https:\/\/carma-project.pl\/index.php\/wp-json\/wp\/v2\/pages"}],"about":[{"href":"https:\/\/carma-project.pl\/index.php\/wp-json\/wp\/v2\/types\/page"}],"author":[{"embeddable":true,"href":"https:\/\/carma-project.pl\/index.php\/wp-json\/wp\/v2\/users\/1"}],"replies":[{"embeddable":true,"href":"https:\/\/carma-project.pl\/index.php\/wp-json\/wp\/v2\/comments?post=882"}],"version-history":[{"count":65,"href":"https:\/\/carma-project.pl\/index.php\/wp-json\/wp\/v2\/pages\/882\/revisions"}],"predecessor-version":[{"id":1210,"href":"https:\/\/carma-project.pl\/index.php\/wp-json\/wp\/v2\/pages\/882\/revisions\/1210"}],"wp:attachment":[{"href":"https:\/\/carma-project.pl\/index.php\/wp-json\/wp\/v2\/media?parent=882"}],"curies":[{"name":"wp","href":"https:\/\/api.w.org\/{rel}","templated":true}]}}